{"id":313,"date":"2023-09-04T09:31:54","date_gmt":"2023-09-04T09:31:54","guid":{"rendered":"https:\/\/dyscalculia.eduproject.eu\/?page_id=313"},"modified":"2024-09-13T11:01:59","modified_gmt":"2024-09-13T11:01:59","slug":"wp1-project-management","status":"publish","type":"page","link":"https:\/\/dyscalculia.eduproject.eu\/index.php\/wp1-project-management\/","title":{"rendered":"WP1: Project Management"},"content":{"rendered":"\n<p><\/p>\n\n\n\n<p><strong>Templates<\/strong>:<\/p>\n\n\n\n<div class=\"wp-block-file\"><a id=\"wp-block-file--media-c14ff704-a967-4a1d-a331-f08915ab8622\" href=\"https:\/\/dyscalculia.eduproject.eu\/wp-content\/uploads\/2024\/09\/WP2-P2-Dyscalculia-PPT-Template-EN.pptx\">WP2-P2-Dyscalculia-PPT Template-EN<\/a><a href=\"https:\/\/dyscalculia.eduproject.eu\/wp-content\/uploads\/2024\/09\/WP2-P2-Dyscalculia-PPT-Template-EN.pptx\" class=\"wp-block-file__button wp-element-button\" download aria-describedby=\"wp-block-file--media-c14ff704-a967-4a1d-a331-f08915ab8622\">Download<\/a><\/div>\n\n\n\n<div class=\"wp-block-file\"><a id=\"wp-block-file--media-88bc2db5-5557-4f63-9fd1-a31c1a146b7f\" href=\"https:\/\/dyscalculia.eduproject.eu\/wp-content\/uploads\/2024\/09\/WP1-P2-Dyscalculia-Word-Template-EN.docx\">WP1-P2-Dyscalculia Word Template-EN<\/a><a href=\"https:\/\/dyscalculia.eduproject.eu\/wp-content\/uploads\/2024\/09\/WP1-P2-Dyscalculia-Word-Template-EN.docx\" class=\"wp-block-file__button wp-element-button\" download aria-describedby=\"wp-block-file--media-88bc2db5-5557-4f63-9fd1-a31c1a146b7f\">Downoad<\/a><\/div>\n\n\n\n<p><\/p>\n\n\n\n<p><strong>Logos:<\/strong><\/p>\n\n\n\n<div class=\"wp-block-file\"><a id=\"wp-block-file--media-13621d26-5a3a-4a5e-a976-60b9149949b0\" href=\"https:\/\/dyscalculia.eduproject.eu\/wp-content\/uploads\/2024\/09\/Logo.jpg\">Project Dyscalculia Logo<\/a><a href=\"https:\/\/dyscalculia.eduproject.eu\/wp-content\/uploads\/2024\/09\/Logo.jpg\" class=\"wp-block-file__button wp-element-button\" download aria-describedby=\"wp-block-file--media-13621d26-5a3a-4a5e-a976-60b9149949b0\">Download<\/a><\/div>\n\n\n\n<div class=\"wp-block-file\"><a id=\"wp-block-file--media-e4038d38-b4e2-4765-9508-7622ffc5236d\" href=\"https:\/\/dyscalculia.eduproject.eu\/wp-content\/uploads\/2023\/09\/OER-logo-1.jpg\">OER-logo-1<\/a><a href=\"https:\/\/dyscalculia.eduproject.eu\/wp-content\/uploads\/2023\/09\/OER-logo-1.jpg\" class=\"wp-block-file__button wp-element-button\" download aria-describedby=\"wp-block-file--media-e4038d38-b4e2-4765-9508-7622ffc5236d\">Download<\/a><\/div>\n\n\n\n<div class=\"wp-block-file\"><a id=\"wp-block-file--media-f878c1df-2208-465e-9ca4-1ad86629ba1e\" href=\"https:\/\/dyscalculia.eduproject.eu\/wp-content\/uploads\/2024\/09\/EN_Co-fundedbytheEU_RGB_NEG-1.png\">EN_Co-fundedbytheEU_RGB_NEG<\/a><a href=\"https:\/\/dyscalculia.eduproject.eu\/wp-content\/uploads\/2024\/09\/EN_Co-fundedbytheEU_RGB_NEG-1.png\" class=\"wp-block-file__button wp-element-button\" download aria-describedby=\"wp-block-file--media-f878c1df-2208-465e-9ca4-1ad86629ba1e\">Download<\/a><\/div>\n\n\n\n<p><\/p>\n\n\n\n<p><strong>Disclaimer \/ Haftungsauschluss:<\/strong><\/p>\n\n\n\n<p>Funded by the European Union. Views and opinions expressed are however those of the author(s) only and do not necessarily reflect those of the European Union or the European Education and Culture Executive Agency (EACEA). Neither the European Union nor EACEA can be held responsible for them.<\/p>\n\n\n\n<p>Von der Europ\u00e4ischen Union finanziert. Die ge\u00e4u\u00dferten Ansichten und Meinungen entsprechen jedoch ausschlie\u00dflich denen des Autors bzw. der Autoren und spiegeln nicht zwingend die der Europ\u00e4ischen Union oder der Europ\u00e4ischen Exekutivagentur f\u00fcr Bildung und Kultur (EACEA) wider. Weder die Europ\u00e4ische Union noch die EACEA k\u00f6nnen daf\u00fcr verantwortlich gemacht werden.<\/p>\n","protected":false},"excerpt":{"rendered":"<p>Templates: Logos: Disclaimer \/ Haftungsauschluss: Funded by the European Union. Views and opinions expressed are however those of the author(s) only and do not necessarily reflect those of the European Union or the European Education and Culture Executive Agency (EACEA). Neither the European Union nor EACEA can be held responsible for them. Von der Europ\u00e4ischen &hellip; <\/p>\n<p class=\"link-more\"><a href=\"https:\/\/dyscalculia.eduproject.eu\/index.php\/wp1-project-management\/\" class=\"more-link\"><span class=\"screen-reader-text\">\u201eWP1: Project Management\u201c<\/span> weiterlesen<\/a><\/p>\n","protected":false},"author":1,"featured_media":0,"parent":0,"menu_order":0,"comment_status":"closed","ping_status":"closed","template":"","meta":{"footnotes":""},"class_list":["post-313","page","type-page","status-publish","hentry"],"_links":{"self":[{"href":"https:\/\/dyscalculia.eduproject.eu\/index.php\/wp-json\/wp\/v2\/pages\/313","targetHints":{"allow":["GET"]}}],"collection":[{"href":"https:\/\/dyscalculia.eduproject.eu\/index.php\/wp-json\/wp\/v2\/pages"}],"about":[{"href":"https:\/\/dyscalculia.eduproject.eu\/index.php\/wp-json\/wp\/v2\/types\/page"}],"author":[{"embeddable":true,"href":"https:\/\/dyscalculia.eduproject.eu\/index.php\/wp-json\/wp\/v2\/users\/1"}],"replies":[{"embeddable":true,"href":"https:\/\/dyscalculia.eduproject.eu\/index.php\/wp-json\/wp\/v2\/comments?post=313"}],"version-history":[{"count":6,"href":"https:\/\/dyscalculia.eduproject.eu\/index.php\/wp-json\/wp\/v2\/pages\/313\/revisions"}],"predecessor-version":[{"id":505,"href":"https:\/\/dyscalculia.eduproject.eu\/index.php\/wp-json\/wp\/v2\/pages\/313\/revisions\/505"}],"wp:attachment":[{"href":"https:\/\/dyscalculia.eduproject.eu\/index.php\/wp-json\/wp\/v2\/media?parent=313"}],"curies":[{"name":"wp","href":"https:\/\/api.w.org\/{rel}","templated":true}]}}