{"id":50,"date":"2023-05-19T09:55:36","date_gmt":"2023-05-19T09:55:36","guid":{"rendered":"https:\/\/dyscalculia.eduproject.eu\/?page_id=50"},"modified":"2023-11-06T08:13:05","modified_gmt":"2023-11-06T08:13:05","slug":"deliverables","status":"publish","type":"page","link":"https:\/\/dyscalculia.eduproject.eu\/index.php\/downloads\/deliverables\/","title":{"rendered":"Deliverables"},"content":{"rendered":"\n<p>You will find the deliverables of the Dyscalculia project according to the different Work Packages (WP) and with regard to Project Management (PM).<\/p>\n\n\n\n<p>The file names of the WPs contain information about the number of the work package, the number of the activity, the number of the partner and possibly the language in which the deliverable is available. In addition, a short text title provides a substantive hint as to what the file is about.<\/p>\n\n\n\n<p>The&nbsp;<em>partners have the following abbreviations<\/em>:<\/p>\n\n\n\n<p><strong>Project Partners:<\/strong><\/p>\n\n\n\n<p>P0- Cukurova Ilce Milli Egitim Mudurlugu (E10161115 \u2013 TR) \u2013 Coordinator<br>P1- Panevezio &#8222;Zemynos&#8220; progimnazija (E10075926 &#8211; LT)<br>P2- Universit\u00e4t Paderborn, Lehrstuhl Wirtschaftsp\u00e4dagogik II (E10208598 \u2013 DE)<br>P3- AGIFODENT &#8211; Asociacion Granadina para la informacion, formacion y desarrollo de las nuevas tecnologias  (E10051277 \u2013 SP)<br>P5- DALYA AJANS REKLAM TANITIM MEDIKAL BILGISAYAR BILISIM VE PROMOSYON DEKORASYON ITHALAT IHRACAT TICARET LIMITED SIRKETI  (E10016947 &#8211; TR)<br>P6-\u00c7ukurova \u00dcniversitesi, Sar\u0131\u00e7am \/ Adana, T\u00fcrkiye (University partner) (E10208716 &#8211; TR)<br>P7-\u00c7ukurova District Directorate of National Education, T\u00fcrkiye (TR)<\/p>\n\n\n\n<p><\/p>\n\n\n\n<p><strong>Language abbreviations:<\/strong><\/p>\n\n\n\n<p>DE- German<br>EN- English<br>TR- Turkish<br>GR- Greece<br>LT- Lithuanian<br>SP- Spanish<\/p>\n\n\n\n<p><strong>Work Packages:<\/strong><\/p>\n\n\n\n<p>WP1- Project Management<br>WP2- Creating Dyscalculia Curriculum and Course Material<br>WP3- Dyscalculia E-Learning Module<br>WP4- Dyscalculia Quick Practice Solutions<\/p>\n\n\n\n<p><strong>Example file name with explanation:<\/strong><\/p>\n\n\n\n<p><em>WP2-P3\u2013Guideline on WP2\u2013EN<br>The file is about Work package 2 (WP2), created by Partner P3 on the Dyscalculia project with a general information about the project in English language.<\/em><\/p>\n","protected":false},"excerpt":{"rendered":"<p>You will find the deliverables of the Dyscalculia project according to the different Work Packages (WP) and with regard to Project Management (PM). The file names of the WPs contain information about the number of the work package, the number of the activity, the number of the partner and possibly the language in which the &hellip; <\/p>\n<p class=\"link-more\"><a href=\"https:\/\/dyscalculia.eduproject.eu\/index.php\/downloads\/deliverables\/\" class=\"more-link\"><span class=\"screen-reader-text\">\u201eDeliverables\u201c<\/span> weiterlesen<\/a><\/p>\n","protected":false},"author":1,"featured_media":0,"parent":48,"menu_order":0,"comment_status":"closed","ping_status":"closed","template":"","meta":{"footnotes":""},"class_list":["post-50","page","type-page","status-publish","hentry"],"_links":{"self":[{"href":"https:\/\/dyscalculia.eduproject.eu\/index.php\/wp-json\/wp\/v2\/pages\/50","targetHints":{"allow":["GET"]}}],"collection":[{"href":"https:\/\/dyscalculia.eduproject.eu\/index.php\/wp-json\/wp\/v2\/pages"}],"about":[{"href":"https:\/\/dyscalculia.eduproject.eu\/index.php\/wp-json\/wp\/v2\/types\/page"}],"author":[{"embeddable":true,"href":"https:\/\/dyscalculia.eduproject.eu\/index.php\/wp-json\/wp\/v2\/users\/1"}],"replies":[{"embeddable":true,"href":"https:\/\/dyscalculia.eduproject.eu\/index.php\/wp-json\/wp\/v2\/comments?post=50"}],"version-history":[{"count":6,"href":"https:\/\/dyscalculia.eduproject.eu\/index.php\/wp-json\/wp\/v2\/pages\/50\/revisions"}],"predecessor-version":[{"id":403,"href":"https:\/\/dyscalculia.eduproject.eu\/index.php\/wp-json\/wp\/v2\/pages\/50\/revisions\/403"}],"up":[{"embeddable":true,"href":"https:\/\/dyscalculia.eduproject.eu\/index.php\/wp-json\/wp\/v2\/pages\/48"}],"wp:attachment":[{"href":"https:\/\/dyscalculia.eduproject.eu\/index.php\/wp-json\/wp\/v2\/media?parent=50"}],"curies":[{"name":"wp","href":"https:\/\/api.w.org\/{rel}","templated":true}]}}